{"id":12,"date":"2025-10-14T10:32:15","date_gmt":"2025-10-14T10:32:15","guid":{"rendered":"https:\/\/ugdymoidejunamai.com\/?page_id=12"},"modified":"2025-10-14T10:32:15","modified_gmt":"2025-10-14T10:32:15","slug":"susisiekite","status":"publish","type":"page","link":"https:\/\/ugdymoidejunamai.com\/index.php\/susisiekite\/","title":{"rendered":"Susisiekite"},"content":{"rendered":"\n<p>Tai yra puslapis su pagrindine kontaktine informacija, tokia kaip adresas ir telefonas. Taip pat panaudojus \u012fskiep\u012f, \u0161iame puslapyje galite \u012fd\u0117ti kontakt\u0173 form\u0105.<\/p>\n","protected":false},"excerpt":{"rendered":"<p>Tai yra puslapis su pagrindine kontaktine informacija, tokia kaip adresas ir telefonas. Taip pat panaudojus \u012fskiep\u012f, \u0161iame puslapyje galite \u012fd\u0117ti kontakt\u0173 form\u0105.<\/p>\n","protected":false},"author":1,"featured_media":0,"parent":0,"menu_order":0,"comment_status":"closed","ping_status":"closed","template":"","meta":{"footnotes":""},"class_list":["post-12","page","type-page","status-publish","hentry"],"_links":{"self":[{"href":"https:\/\/ugdymoidejunamai.com\/index.php\/wp-json\/wp\/v2\/pages\/12","targetHints":{"allow":["GET"]}}],"collection":[{"href":"https:\/\/ugdymoidejunamai.com\/index.php\/wp-json\/wp\/v2\/pages"}],"about":[{"href":"https:\/\/ugdymoidejunamai.com\/index.php\/wp-json\/wp\/v2\/types\/page"}],"author":[{"embeddable":true,"href":"https:\/\/ugdymoidejunamai.com\/index.php\/wp-json\/wp\/v2\/users\/1"}],"replies":[{"embeddable":true,"href":"https:\/\/ugdymoidejunamai.com\/index.php\/wp-json\/wp\/v2\/comments?post=12"}],"version-history":[{"count":1,"href":"https:\/\/ugdymoidejunamai.com\/index.php\/wp-json\/wp\/v2\/pages\/12\/revisions"}],"predecessor-version":[{"id":20,"href":"https:\/\/ugdymoidejunamai.com\/index.php\/wp-json\/wp\/v2\/pages\/12\/revisions\/20"}],"wp:attachment":[{"href":"https:\/\/ugdymoidejunamai.com\/index.php\/wp-json\/wp\/v2\/media?parent=12"}],"curies":[{"name":"wp","href":"https:\/\/api.w.org\/{rel}","templated":true}]}}