{"id":10,"date":"2025-10-14T10:32:15","date_gmt":"2025-10-14T10:32:15","guid":{"rendered":"https:\/\/ugdymoidejunamai.com\/?page_id=10"},"modified":"2025-10-14T10:32:15","modified_gmt":"2025-10-14T10:32:15","slug":"kurkite-savo-tinklalapi-is-bloku","status":"publish","type":"page","link":"https:\/\/ugdymoidejunamai.com\/","title":{"rendered":"Kurkite savo tinklalap\u012f i\u0161 blok\u0173"},"content":{"rendered":"\n\t\t\t\t\t\n\t\t\t\t\t<h2 class=\"alignwide has-text-align-wide has-gigantic-font-size wp-block-heading\" style=\"line-height:1.1\">Kurkite savo tinklalap\u012f i\u0161 blok\u0173<\/h2>\n\t\t\t\t\t\n\n\t\t\t\t\t\n\t\t\t\t\t<div style=\"height:100px\" aria-hidden=\"true\" class=\"wp-block-spacer\"><\/div>\n\t\t\t\t\t\n\n\t\t\t\t\t\n\t\t\t\t\t<div class=\"wp-block-columns alignwide are-vertically-aligned-center is-style-twentytwentyone-columns-overlap is-layout-flex wp-container-core-columns-is-layout-28f84493 wp-block-columns-is-layout-flex\">\n\t\t\t\t\t<div class=\"wp-block-column is-vertically-aligned-center is-layout-flow wp-block-column-is-layout-flow\">\n\t\t\t\t\t<figure class=\"wp-block-image alignfull size-large\"><img decoding=\"async\" src=\"https:\/\/ugdymoidejunamai.com\/wp-content\/themes\/twentytwentyone\/assets\/images\/roses-tremieres-hollyhocks-1884.jpg\" alt=\"&#8220;Piliaro\u017e\u0117s&#8221; sukurta Berthe Morisot\"\/><\/figure>\n\t\t\t\t\t\n\n\t\t\t\t\t\n\t\t\t\t\t<div style=\"height:100px\" aria-hidden=\"true\" class=\"wp-block-spacer\"><\/div>\n\t\t\t\t\t\n\n\t\t\t\t\t\n\t\t\t\t\t<figure class=\"wp-block-image alignfull size-large is-style-twentytwentyone-image-frame\"><img decoding=\"async\" src=\"https:\/\/ugdymoidejunamai.com\/wp-content\/themes\/twentytwentyone\/assets\/images\/in-the-bois-de-boulogne.jpg\" alt=\"&#8220;Bolon\u0117s mi\u0161ke&#8221; sukurta Berthe Morisot\"\/><\/figure>\n\t\t\t\t\t<\/div>\n\t\t\t\t\t\n\n\t\t\t\t\t\n\t\t\t\t\t<div class=\"wp-block-column is-vertically-aligned-center is-layout-flow wp-block-column-is-layout-flow\">\n\t\t\t\t\t<div style=\"height:100px\" aria-hidden=\"true\" class=\"wp-block-spacer\"><\/div>\n\t\t\t\t\t\n\n\t\t\t\t\t\n\t\t\t\t\t<figure class=\"wp-block-image size-large alignfull size-full is-style-twentytwentyone-border\"><img decoding=\"async\" src=\"https:\/\/ugdymoidejunamai.com\/wp-content\/themes\/twentytwentyone\/assets\/images\/young-woman-in-mauve.jpg\" alt=\"&#8220;Jauna moteris Mauve&#8221; sukurta Berthe Morisot\"\/><\/figure>\n\t\t\t\t\t<\/div>\n\t\t\t\t\t<\/div>\n\t\t\t\t\t\n\n\t\t\t\t\t\n\t\t\t\t\t<div style=\"height:50px\" aria-hidden=\"true\" class=\"wp-block-spacer\"><\/div>\n\t\t\t\t\t\n\n\t\t\t\t\t\n\t\t\t\t\t<div class=\"wp-block-columns alignwide are-vertically-aligned-top is-layout-flex wp-container-core-columns-is-layout-28f84493 wp-block-columns-is-layout-flex\">\n\t\t\t\t\t<div class=\"wp-block-column is-vertically-aligned-top is-layout-flow wp-block-column-is-layout-flow\">\n\t\t\t\t\t<h3 class=\"wp-block-heading\">Prid\u0117kite blok\u0173 \u0161ablonus<\/h3>\n\t\t\t\t\t\n\n\t\t\t\t\t\n\t\t\t\t\t<p>Blok\u0173 \u0161ablonai yra i\u0161 anksto sukurtos blok\u0173 grup\u0117s. Nor\u0117dami toki\u0105 prid\u0117ti, pasirinkite bloko prid\u0117jimo [+] mygtuk\u0105 \u012franki\u0173 juostoje redaktoriaus vir\u0161uje. Perjunkite \u0161ablom\u0173 kortel\u0119 ir po paie\u0161kos juosta pasirinkite \u0161ablon\u0105.<\/p>\n\t\t\t\t\t<\/div>\n\t\t\t\t\t\n\n\t\t\t\t\t\n\t\t\t\t\t<div class=\"wp-block-column is-vertically-aligned-top is-layout-flow wp-block-column-is-layout-flow\">\n\t\t\t\t\t<h3 class=\"wp-block-heading\">\u012er\u0117minkite savo paveiksl\u0117lius<\/h3>\n\t\t\t\t\t\n\n\t\t\t\t\t\n\t\t\t\t\t<p>Twenty Twenty-One turi stilingus r\u0117melius J\u016bs\u0173 turiniui. Pasirink\u0119 paveiksl\u0117lio blok\u0105, atidarykite stili\u0173 skydel\u012f redaktoriaus \u0161onin\u0117je juostoje. Pasirinkite &quot;R\u0117melio&quot; stili\u0173 ir j\u012f \u012fjunkite.<\/p>\n\t\t\t\t\t<\/div>\n\t\t\t\t\t\n\n\t\t\t\t\t\n\t\t\t\t\t<div class=\"wp-block-column is-vertically-aligned-top is-layout-flow wp-block-column-is-layout-flow\">\n\t\t\t\t\t<h3 class=\"wp-block-heading\">Persidengiantys stulpeliai<\/h3>\n\t\t\t\t\t\n\n\t\t\t\t\t\n\t\t\t\t\t<p>Twenty Twenty-One taip pat turi persidengimo stili\u0173 stulpeli\u0173 blokui. Pasirink\u0119 stulpeli\u0173 blok\u0105, atidarykite stili\u0173 skydel\u012f redaktoriaus \u0161onin\u0117je juostoje. Pasirinkite &quot;Persidengimo&quot; bloko stili\u0173 ir j\u012f i\u0161bandykite.<\/p>\n\t\t\t\t\t<\/div>\n\t\t\t\t\t<\/div>\n\t\t\t\t\t\n\n\t\t\t\t\t\n\t\t\t\t\t<div style=\"height:100px\" aria-hidden=\"true\" class=\"wp-block-spacer\"><\/div>\n\t\t\t\t\t\n\n\t\t\t\t\t\n\t\t\t\t\t<div class=\"wp-block-cover alignwide has-green-background-color has-background-dim is-style-twentytwentyone-border\"><div class=\"wp-block-cover__inner-container is-layout-flow wp-block-cover-is-layout-flow\">\n\t\t\t\t\t<div style=\"height:20px\" aria-hidden=\"true\" class=\"wp-block-spacer\"><\/div>\n\t\t\t\t\t\n\n\t\t\t\t\t\n\t\t\t\t\t<p class=\"has-huge-font-size\">Reikia pagalbos?<\/p>\n\t\t\t\t\t\n\n\t\t\t\t\t\n\t\t\t\t\t<div style=\"height:75px\" aria-hidden=\"true\" class=\"wp-block-spacer\"><\/div>\n\t\t\t\t\t\n\n\t\t\t\t\t\n\t\t\t\t\t<div class=\"wp-block-columns is-layout-flex wp-container-core-columns-is-layout-28f84493 wp-block-columns-is-layout-flex\">\n\t\t\t\t\t<div class=\"wp-block-column is-layout-flow wp-block-column-is-layout-flow\">\n\t\t\t\t\t<p><a href=\"https:\/\/wordpress.org\/documentation\/article\/twenty-twenty-one\/\">Skaityti i\u0161vaizdos temos dokumentacij\u0105<\/a><\/p>\n\t\t\t\t\t<\/div>\n\t\t\t\t\t\n\n\t\t\t\t\t\n\t\t\t\t\t<div class=\"wp-block-column is-layout-flow wp-block-column-is-layout-flow\">\n\t\t\t\t\t<p><a href=\"https:\/\/wordpress.org\/support\/theme\/twentytwentyone\/\">Eiti \u012f pagalbos forumus<\/a><\/p>\n\t\t\t\t\t<\/div>\n\t\t\t\t\t<\/div>\n\t\t\t\t\t\n\n\t\t\t\t\t\n\t\t\t\t\t<div style=\"height:20px\" aria-hidden=\"true\" class=\"wp-block-spacer\"><\/div>\n\t\t\t\t\t<\/div><\/div>\n\t\t\t\t\t","protected":false},"excerpt":{"rendered":"<p>Kurkite savo tinklalap\u012f i\u0161 blok\u0173 Prid\u0117kite blok\u0173 \u0161ablonus Blok\u0173 \u0161ablonai yra i\u0161 anksto sukurtos blok\u0173 grup\u0117s. Nor\u0117dami toki\u0105 prid\u0117ti, pasirinkite bloko prid\u0117jimo [+] mygtuk\u0105 \u012franki\u0173 juostoje redaktoriaus vir\u0161uje. Perjunkite \u0161ablom\u0173 kortel\u0119 ir po paie\u0161kos juosta pasirinkite \u0161ablon\u0105. \u012er\u0117minkite savo paveiksl\u0117lius Twenty Twenty-One turi stilingus r\u0117melius J\u016bs\u0173 turiniui. Pasirink\u0119 paveiksl\u0117lio blok\u0105, atidarykite stili\u0173 skydel\u012f redaktoriaus \u0161onin\u0117je [&hellip;]<\/p>\n","protected":false},"author":1,"featured_media":0,"parent":0,"menu_order":0,"comment_status":"closed","ping_status":"closed","template":"","meta":{"footnotes":""},"class_list":["post-10","page","type-page","status-publish","hentry"],"_links":{"self":[{"href":"https:\/\/ugdymoidejunamai.com\/index.php\/wp-json\/wp\/v2\/pages\/10","targetHints":{"allow":["GET"]}}],"collection":[{"href":"https:\/\/ugdymoidejunamai.com\/index.php\/wp-json\/wp\/v2\/pages"}],"about":[{"href":"https:\/\/ugdymoidejunamai.com\/index.php\/wp-json\/wp\/v2\/types\/page"}],"author":[{"embeddable":true,"href":"https:\/\/ugdymoidejunamai.com\/index.php\/wp-json\/wp\/v2\/users\/1"}],"replies":[{"embeddable":true,"href":"https:\/\/ugdymoidejunamai.com\/index.php\/wp-json\/wp\/v2\/comments?post=10"}],"version-history":[{"count":1,"href":"https:\/\/ugdymoidejunamai.com\/index.php\/wp-json\/wp\/v2\/pages\/10\/revisions"}],"predecessor-version":[{"id":18,"href":"https:\/\/ugdymoidejunamai.com\/index.php\/wp-json\/wp\/v2\/pages\/10\/revisions\/18"}],"wp:attachment":[{"href":"https:\/\/ugdymoidejunamai.com\/index.php\/wp-json\/wp\/v2\/media?parent=10"}],"curies":[{"name":"wp","href":"https:\/\/api.w.org\/{rel}","templated":true}]}}